{"id":1736,"date":"2017-11-15T11:14:47","date_gmt":"2017-11-15T10:14:47","guid":{"rendered":"https:\/\/www.shizen-products.com\/blog\/?page_id=1736"},"modified":"2020-07-13T23:37:53","modified_gmt":"2020-07-13T21:37:53","slug":"matcha","status":"publish","type":"page","link":"https:\/\/www.shizen-products.com\/blog\/matcha\/","title":{"rendered":"Matcha poeder"},"content":{"rendered":"\n\t\t<div id=\"fws_6a06dd4656e9d\"  data-column-margin=\"default\" data-midnight=\"dark\"  class=\"wpb_row vc_row-fluid vc_row standard_section \"  style=\"padding-top: 0px; padding-bottom: 0px; \"><div class=\"row-bg-wrap\" data-bg-animation=\"none\" data-bg-overlay=\"false\"><div class=\"inner-wrap\"><div class=\"row-bg\"  style=\"\"><\/div><\/div><div class=\"row-bg-overlay\" ><\/div><\/div><div class=\"row_col_wrap_12 col span_12 dark left\">\n\t<div  class=\"vc_col-sm-12 wpb_column column_container vc_column_container col no-extra-padding\"  data-t-w-inherits=\"default\" data-bg-cover=\"\" data-padding-pos=\"all\" data-has-bg-color=\"false\" data-bg-color=\"\" data-bg-opacity=\"1\" data-hover-bg=\"\" data-hover-bg-opacity=\"1\" data-animation=\"\" data-delay=\"0\" >\n\t\t<div class=\"vc_column-inner\" ><div class=\"column-bg-overlay-wrap\" data-bg-animation=\"none\"><div class=\"column-bg-overlay\"><\/div><\/div>\n\t\t\t<div class=\"wpb_wrapper\">\n\t\t\t\t\r\n<div class=\"wpb_text_column wpb_content_element \" >\r\n\t<div class=\"wpb_wrapper\">\r\n\t\t<h1><span lang=\"NL-NL\" xml:lang=\"NL-NL\"><br \/>\nWelkom in de wereld van Matcha!<\/span><\/h1>\n<p>Matcha poeder is gemaakt van 100% groene theeblaadjes. De laatste vier weken voor de oogst worden de theeplanten bedekt met een camouflagenet waardoor het blad minder zonlicht ontvangt. Hierdoor maakt de theeplant meer chlorofyl (bladgroen) en L-theanine (een aminozuur dat verantwoordelijk is voor het aroma) aan en krijgt de matcha een extra rijke smaak. De theeblaadjes worden na het drogen zeer zorgvuldig door molenstelen gemalen tot een fluweel zachte groene poeder. Traditioneel werd matcha gedronken op speciale gelegenheden, tijdens thee ceremonies. Met als doel om tot zen (rust) te komen en daardoor je lichaam en geest te verfrissen. Ook werd matcha door samoerais en monniken gedronken om gefocust en tegelijkertijd kalm te worden.<br \/>\nMatcha zou je kunnen drinken als een soort koffie, zoals een matcha-latte. In matcha zit namelijk ook cafe\u00efne, alleen dan de helft minder dan koffie. Daarom is het geschikt voor mensen die wat minder koffie willen drinken en opzoek zijn naar een wat gezonder alternatief. Matcha thee is in toenemende mate populair in Nederland geworden. Dat is niet zo verwonderlijk, de thee is een superfood en zit bomvol antioxidanten om je lichaam te voeden.<\/p>\n<p>Shizen biedt verschillende graden matcha aan:<br \/>\n<strong>\u2022 <\/strong>Essential Grade<br \/>\n<strong>\u2022 <\/strong>High Grade<br \/>\n<strong>\u2022 <\/strong>Premium Grade<\/p>\n<p>Hoe hoger de graad, hoe beter de kwaliteit van de matcha. Er zitten meer voedingsstoffen waardoor de smaak is bij een hogere graad voller en rijker zal zijn.<\/p>\n\t<\/div>\r\n<\/div>\r\n\r\n\r\n\r\n<div class=\"woocommerce columns-3\"><\/div>\r\n<div class=\"wpb_text_column wpb_content_element \" >\r\n\t<div class=\"wpb_wrapper\">\r\n\t\t<p><strong>Matcha Superfood<\/strong><\/p>\n<p>Matcha bevat verschillende natuurlijke stoffen die het lichaam een boost geven. Onder andere antioxidanten, l-theanine, cafe\u00efne, vitamine en mineralen (onder andere ijzer).<br \/>\n\u2022 <strong>Antioxidanten<\/strong> zijn stoffen die het lichaam beschermen tegen vrije radicalen en dus cellen kunnen beschermen. Daarnaast zorgen deze antioxidanten ervoor dat het LDL (&#8216;slechte&#8217;) cholesterol wordt verlaagd en tegelijkertijd het HDL (&#8216;goede&#8217;) cholesterol gelijk blijft. Dit is een van de redenen waarom matcha goed is voor de bloedvaten en de kans op hart en vaat ziektes kan verminderen.<br \/>\n\u2022 <strong>L-theanine<\/strong> is een aminozuur dat neurotransmittersystemen in de hersenen be\u00efnvloedt (GABA, dopamine, serotonine, glutamaat) en zorgt daardoor voor een kalmerende en rustgevend effect.<br \/>\n\u2022 <strong>Cafe\u00efne<\/strong> versterkt de alertheid en focus (net als cafe\u00efne). De cafe\u00efne in matcha is milder en heeft een minder heftige piek dan cafe\u00efne in koffie. Matcha is hierdoor een gezonde variant op koffie en andere dranken. Je krijgt natuurlijke energie en een gezonde boost!<\/p>\n\t<\/div>\r\n<\/div>\r\n\r\n\r\n\r\n<div id=\"fws_6a06dd4659884\" data-midnight=\"\" data-column-margin=\"default\" class=\"wpb_row vc_row-fluid vc_row inner_row standard_section   \"  style=\"padding-top: 0px; padding-bottom: 0px; \"><div class=\"row-bg-wrap\"> <div class=\"row-bg\" ><\/div> <\/div><div class=\"row_col_wrap_12_inner col span_12  left\">\n\t<div  class=\"vc_col-sm-4 wpb_column column_container vc_column_container col child_column no-extra-padding\"   data-t-w-inherits=\"default\" data-bg-cover=\"\" data-padding-pos=\"all\" data-has-bg-color=\"false\" data-bg-color=\"\" data-bg-opacity=\"1\" data-hover-bg=\"\" data-hover-bg-opacity=\"1\" data-animation=\"\" data-delay=\"0\">\n\t\t<div class=\"vc_column-inner\" ><div class=\"column-bg-overlay-wrap\" data-bg-animation=\"none\"><div class=\"column-bg-overlay\"><\/div><\/div>\n\t\t<div class=\"wpb_wrapper\">\n\t\t\t<div class=\"divider-wrap\" data-alignment=\"default\"><div style=\"height: 25px;\" class=\"divider\"><\/div><\/div><div class=\"img-with-aniamtion-wrap \" data-max-width=\"75%\" data-max-width-mobile=\"100%\" data-border-radius=\"none\" data-shadow=\"none\" data-animation=\"none\" >\r\n      <div class=\"inner\">\r\n        <div class=\"hover-wrap\" data-hover-animation=\"none\"> \r\n          <div class=\"hover-wrap-inner\">\r\n            <img class=\"img-with-animation skip-lazy \" data-delay=\"0\" height=\"2048\" width=\"1365\" data-animation=\"none\" src=\"https:\/\/www.shizen-products.com\/blog\/wp-content\/uploads\/IMG_9248-min-1-scaled.jpg\" alt=\"\" srcset=\"https:\/\/www.shizen-products.com\/blog\/wp-content\/uploads\/IMG_9248-min-1-scaled.jpg 1365w, https:\/\/www.shizen-products.com\/blog\/wp-content\/uploads\/IMG_9248-min-1-200x300.jpg 200w, https:\/\/www.shizen-products.com\/blog\/wp-content\/uploads\/IMG_9248-min-1-683x1024.jpg 683w, https:\/\/www.shizen-products.com\/blog\/wp-content\/uploads\/IMG_9248-min-1-768x1152.jpg 768w, https:\/\/www.shizen-products.com\/blog\/wp-content\/uploads\/IMG_9248-min-1-1024x1536.jpg 1024w, https:\/\/www.shizen-products.com\/blog\/wp-content\/uploads\/IMG_9248-min-1-600x900.jpg 600w\" sizes=\"(min-width: 1450px) 75vw, (min-width: 1000px) 85vw, 100vw\" \/>\r\n          <\/div>\r\n        <\/div>\r\n      <\/div>\r\n    <\/div><div class=\"divider-wrap\" data-alignment=\"default\"><div style=\"height: 40px;\" class=\"divider\"><\/div><\/div><div class=\"img-with-aniamtion-wrap \" data-max-width=\"75%\" data-max-width-mobile=\"100%\" data-border-radius=\"none\" data-shadow=\"none\" data-animation=\"fade-in\" >\r\n      <div class=\"inner\">\r\n        <div class=\"hover-wrap\" data-hover-animation=\"none\"> \r\n          <div class=\"hover-wrap-inner\">\r\n            <img class=\"img-with-animation skip-lazy \" data-delay=\"0\" height=\"1600\" width=\"1164\" data-animation=\"fade-in\" src=\"https:\/\/www.shizen-products.com\/blog\/wp-content\/uploads\/WhatsApp-Image-2020-05-19-at-21.09.51.jpeg\" alt=\"\" srcset=\"https:\/\/www.shizen-products.com\/blog\/wp-content\/uploads\/WhatsApp-Image-2020-05-19-at-21.09.51.jpeg 1164w, https:\/\/www.shizen-products.com\/blog\/wp-content\/uploads\/WhatsApp-Image-2020-05-19-at-21.09.51-218x300.jpeg 218w, https:\/\/www.shizen-products.com\/blog\/wp-content\/uploads\/WhatsApp-Image-2020-05-19-at-21.09.51-745x1024.jpeg 745w, https:\/\/www.shizen-products.com\/blog\/wp-content\/uploads\/WhatsApp-Image-2020-05-19-at-21.09.51-768x1056.jpeg 768w, https:\/\/www.shizen-products.com\/blog\/wp-content\/uploads\/WhatsApp-Image-2020-05-19-at-21.09.51-1117x1536.jpeg 1117w, https:\/\/www.shizen-products.com\/blog\/wp-content\/uploads\/WhatsApp-Image-2020-05-19-at-21.09.51-600x825.jpeg 600w\" sizes=\"(min-width: 1450px) 75vw, (min-width: 1000px) 85vw, 100vw\" \/>\r\n          <\/div>\r\n        <\/div>\r\n      <\/div>\r\n    <\/div><div class=\"divider-wrap\" data-alignment=\"default\"><div style=\"height: 40px;\" class=\"divider\"><\/div><\/div><div class=\"img-with-aniamtion-wrap \" data-max-width=\"100%\" data-max-width-mobile=\"100%\" data-border-radius=\"none\" data-shadow=\"none\" data-animation=\"none\" >\r\n      <div class=\"inner\">\r\n        <div class=\"hover-wrap\" data-hover-animation=\"none\"> \r\n          <div class=\"hover-wrap-inner\">\r\n            <img class=\"img-with-animation skip-lazy \" data-delay=\"0\" height=\"1125\" width=\"1688\" data-animation=\"none\" src=\"https:\/\/www.shizen-products.com\/blog\/wp-content\/uploads\/shizen-products-com-matcha-003.jpg\" alt=\"\" srcset=\"https:\/\/www.shizen-products.com\/blog\/wp-content\/uploads\/shizen-products-com-matcha-003.jpg 1688w, https:\/\/www.shizen-products.com\/blog\/wp-content\/uploads\/shizen-products-com-matcha-003-300x200.jpg 300w, https:\/\/www.shizen-products.com\/blog\/wp-content\/uploads\/shizen-products-com-matcha-003-768x512.jpg 768w, https:\/\/www.shizen-products.com\/blog\/wp-content\/uploads\/shizen-products-com-matcha-003-1024x682.jpg 1024w, https:\/\/www.shizen-products.com\/blog\/wp-content\/uploads\/shizen-products-com-matcha-003-900x600.jpg 900w, https:\/\/www.shizen-products.com\/blog\/wp-content\/uploads\/shizen-products-com-matcha-003-600x400.jpg 600w\" sizes=\"(min-width: 1450px) 75vw, (min-width: 1000px) 85vw, 100vw\" \/>\r\n          <\/div>\r\n        <\/div>\r\n      <\/div>\r\n    <\/div>\n\t\t<\/div> \n\t<\/div>\n\t<\/div> \n\n\t<div  class=\"vc_col-sm-8 wpb_column column_container vc_column_container col child_column no-extra-padding\"   data-t-w-inherits=\"default\" data-bg-cover=\"\" data-padding-pos=\"all\" data-has-bg-color=\"false\" data-bg-color=\"\" data-bg-opacity=\"1\" data-hover-bg=\"\" data-hover-bg-opacity=\"1\" data-animation=\"\" data-delay=\"0\">\n\t\t<div class=\"vc_column-inner\" ><div class=\"column-bg-overlay-wrap\" data-bg-animation=\"none\"><div class=\"column-bg-overlay\"><\/div><\/div>\n\t\t<div class=\"wpb_wrapper\">\n\t\t\t<div class=\"divider-wrap\" data-alignment=\"default\"><div style=\"height: 25px;\" class=\"divider\"><\/div><\/div>\r\n<div class=\"wpb_text_column wpb_content_element \" >\r\n\t<div class=\"wpb_wrapper\">\r\n\t\t<h2>Hoe maak ik Matcha?<\/h2>\n<p>Er zijn verschillende manieren om matcha te consumeren. Je kunt ervoor kiezen om de klassieke matcha thee te drinken of een matcha-latte.<br \/>\nDit is de matcha die origineel in Japan wordt gedronken, het Dit wordt bereid met matcha poeder en heet water.<\/p>\n<p>Klassieke Matcha<br \/>\n\u2460 Voeg 1 tl. (2 gram) matchapoeder in een theekop of matcha kom<br \/>\n\u2461 Voeg 80 graden warm water* toe en klop het poeder met een matcha-klopper tot de poeder goed is opgelost er een schuimlaag ontstaat*<br \/>\n\u2462 Schenk daarna de kop verder vol met 80 graden warm water. Wanneer je de matcha wat sterker wilt drinken, voeg je wat minder water toe.<br \/>\n\u2463 Tot slot kunt u 1 tl. honing of suiker naar keuze toevoegen als u dat wilt en roeren:)<br \/>\n*Warmer dan 80 graden zorgt ervoor dat de matcha bitter wordt, dus het is beter om geen kokend water te gebruiken.<br \/>\n*Het kloppen van de matcha is erg belangrijk om de matcha-aroma los te krijgen.<br \/>\nTip: Voor een orginele matcha raden wij matcha premium grade aan!<\/p>\n<p>Perfecte Matcha-Latte<br \/>\n\u2460 Voeg 1 tl. (2 gram) matchapoeder in een theekop of matcha kom<br \/>\n\u2461 Voeg een klein beetje 80 graden warm water toe en klop de matcha met een matcha-klopper tot de poeder goed is opgelost er een schuimlaag ontstaat<br \/>\n\u2462 Voeg de matcha toe aan een mok (plantaardige) melk<br \/>\n\u2463 Tot slot kunt u 1 tl. honing of suiker naar keuze toevoegen als u dat wilt en roeren:)<br \/>\nTip: Voor een matcha-latte is de matcha essential grade of matcha high grade geschikt!<\/p>\n\t<\/div>\r\n<\/div>\r\n\r\n\r\n\r\n\n\t\t<\/div> \n\t<\/div>\n\t<\/div> \n<\/div><\/div><div class=\"divider-wrap\" data-alignment=\"default\"><div style=\"height: 40px;\" class=\"divider\"><\/div><\/div><div id=\"fws_6a06dd465b9e4\" data-midnight=\"\" data-column-margin=\"none\" class=\"wpb_row vc_row-fluid vc_row inner_row  vc_row-o-equal-height vc_row-flex standard_section   \"  style=\"padding-top: 0px; padding-bottom: 0px; \"><div class=\"row-bg-wrap\"> <div class=\"row-bg\" ><\/div> <\/div><div class=\"row_col_wrap_12_inner col span_12  left\">\n\t<div  class=\"vc_col-sm-8 wpb_column column_container vc_column_container col child_column no-extra-padding\"   data-t-w-inherits=\"default\" data-bg-cover=\"\" data-padding-pos=\"all\" data-has-bg-color=\"false\" data-bg-color=\"\" data-bg-opacity=\"1\" data-hover-bg=\"\" data-hover-bg-opacity=\"1\" data-animation=\"\" data-delay=\"0\">\n\t\t<div class=\"vc_column-inner\" ><div class=\"column-bg-overlay-wrap\" data-bg-animation=\"none\"><div class=\"column-bg-overlay\"><\/div><\/div>\n\t\t<div class=\"wpb_wrapper\">\n\t\t\t\r\n<div class=\"wpb_text_column wpb_content_element  vc_custom_1534185646005\" >\r\n\t<div class=\"wpb_wrapper\">\r\n\t\t<h2>Matcha inspiratie!<\/h2>\n<p>Tegenwoordig wordt matcha in van alles gebruikt. In Japan is het razend populair: het wordt in cake gestopt, koekjes, chocolade, noem maar op!<br \/>\nMisschien is nog wel het aller bekendste (en lekkerste!) de Matcha latte!<\/p>\n\t<\/div>\r\n<\/div>\r\n\r\n\r\n\r\n<div class=\"divider-wrap\" data-alignment=\"default\"><div style=\"height: 120px;\" class=\"divider\"><\/div><\/div>\n\t\t<\/div> \n\t<\/div>\n\t<\/div> \n\n\t<div  class=\"vc_col-sm-4 wpb_column column_container vc_column_container col child_column no-extra-padding\"   data-t-w-inherits=\"default\" data-bg-cover=\"\" data-padding-pos=\"all\" data-has-bg-color=\"false\" data-bg-color=\"\" data-bg-opacity=\"1\" data-hover-bg=\"\" data-hover-bg-opacity=\"1\" data-animation=\"\" data-delay=\"0\">\n\t\t<div class=\"vc_column-inner\" ><div class=\"column-bg-overlay-wrap\" data-bg-animation=\"none\"><div class=\"column-bg-overlay\"><\/div><\/div>\n\t\t<div class=\"wpb_wrapper\">\n\t\t\t<div class=\"img-with-aniamtion-wrap right\" data-max-width=\"75%\" data-max-width-mobile=\"100%\" data-border-radius=\"none\" data-shadow=\"none\" data-animation=\"fade-in\" >\r\n      <div class=\"inner\">\r\n        <div class=\"hover-wrap\" data-hover-animation=\"none\"> \r\n          <div class=\"hover-wrap-inner\">\r\n            <img class=\"img-with-animation skip-lazy \" data-delay=\"0\" height=\"1599\" width=\"1200\" data-animation=\"fade-in\" src=\"https:\/\/www.shizen-products.com\/blog\/wp-content\/uploads\/WhatsApp-Image-2020-05-21-at-14.20.22.jpeg\" alt=\"\" srcset=\"https:\/\/www.shizen-products.com\/blog\/wp-content\/uploads\/WhatsApp-Image-2020-05-21-at-14.20.22.jpeg 1200w, https:\/\/www.shizen-products.com\/blog\/wp-content\/uploads\/WhatsApp-Image-2020-05-21-at-14.20.22-225x300.jpeg 225w, https:\/\/www.shizen-products.com\/blog\/wp-content\/uploads\/WhatsApp-Image-2020-05-21-at-14.20.22-768x1023.jpeg 768w, https:\/\/www.shizen-products.com\/blog\/wp-content\/uploads\/WhatsApp-Image-2020-05-21-at-14.20.22-1153x1536.jpeg 1153w, https:\/\/www.shizen-products.com\/blog\/wp-content\/uploads\/WhatsApp-Image-2020-05-21-at-14.20.22-600x800.jpeg 600w\" sizes=\"(min-width: 1450px) 75vw, (min-width: 1000px) 85vw, 100vw\" \/>\r\n          <\/div>\r\n        <\/div>\r\n      <\/div>\r\n    <\/div>\n\t\t<\/div> \n\t<\/div>\n\t<\/div> \n<\/div><\/div>\n\t\t\t<\/div> \n\t\t<\/div>\n\t<\/div> \n<\/div><\/div>\n\t\t<div id=\"fws_6a06dd465c312\"  data-column-margin=\"default\" data-midnight=\"dark\"  class=\"wpb_row vc_row-fluid vc_row standard_section \"  style=\"padding-top: 0px; padding-bottom: 0px; \"><div class=\"row-bg-wrap\" data-bg-animation=\"none\" data-bg-overlay=\"false\"><div class=\"inner-wrap\"><div class=\"row-bg\"  style=\"\"><\/div><\/div><div class=\"row-bg-overlay\" ><\/div><\/div><div class=\"row_col_wrap_12 col span_12 dark left\">\n\t<div  class=\"vc_col-sm-12 wpb_column column_container vc_column_container col no-extra-padding\"  data-t-w-inherits=\"default\" data-bg-cover=\"\" data-padding-pos=\"all\" data-has-bg-color=\"false\" data-bg-color=\"\" data-bg-opacity=\"1\" data-hover-bg=\"\" data-hover-bg-opacity=\"1\" data-animation=\"\" data-delay=\"0\" >\n\t\t<div class=\"vc_column-inner\" ><div class=\"column-bg-overlay-wrap\" data-bg-animation=\"none\"><div class=\"column-bg-overlay\"><\/div><\/div>\n\t\t\t<div class=\"wpb_wrapper\">\n\t\t\t\t\n\t\t\t<\/div> \n\t\t<\/div>\n\t<\/div> \n<\/div><\/div>\n","protected":false},"excerpt":{"rendered":"Welkom in de wereld van Matcha! Matcha poeder is gemaakt van 100% groene theeblaadjes. De laatste vier weken voor de oogst worden de theeplanten bedekt met een camouflagenet waardoor het...","protected":false},"author":4,"featured_media":0,"parent":0,"menu_order":0,"comment_status":"closed","ping_status":"closed","template":"","meta":{"inline_featured_image":false,"footnotes":""},"acf":[],"_links":{"self":[{"href":"https:\/\/www.shizen-products.com\/blog\/wp-json\/wp\/v2\/pages\/1736"}],"collection":[{"href":"https:\/\/www.shizen-products.com\/blog\/wp-json\/wp\/v2\/pages"}],"about":[{"href":"https:\/\/www.shizen-products.com\/blog\/wp-json\/wp\/v2\/types\/page"}],"author":[{"embeddable":true,"href":"https:\/\/www.shizen-products.com\/blog\/wp-json\/wp\/v2\/users\/4"}],"replies":[{"embeddable":true,"href":"https:\/\/www.shizen-products.com\/blog\/wp-json\/wp\/v2\/comments?post=1736"}],"version-history":[{"count":88,"href":"https:\/\/www.shizen-products.com\/blog\/wp-json\/wp\/v2\/pages\/1736\/revisions"}],"predecessor-version":[{"id":3970,"href":"https:\/\/www.shizen-products.com\/blog\/wp-json\/wp\/v2\/pages\/1736\/revisions\/3970"}],"wp:attachment":[{"href":"https:\/\/www.shizen-products.com\/blog\/wp-json\/wp\/v2\/media?parent=1736"}],"curies":[{"name":"wp","href":"https:\/\/api.w.org\/{rel}","templated":true}]}}